{"id":4319,"date":"2025-08-23T17:37:32","date_gmt":"2025-08-23T15:37:32","guid":{"rendered":"https:\/\/essecookers.nl\/brochure-aanvragen"},"modified":"2025-11-29T15:41:27","modified_gmt":"2025-11-29T13:41:27","slug":"demander-une-brochure","status":"publish","type":"page","link":"https:\/\/essecookers.nl\/fr\/demander-une-brochure","title":{"rendered":"Brochure gratuite"},"content":{"rendered":"\n<section class=\"wpb-block wpb-block--text-media wpb-wst--small wpb-wsb--none wpb-bg-clr--transparent\">\n\n    <div class=\"container  container--standard align-center\">\n\n                    <div class=\"wpb-text\">\n                                <h2 class=\"font-claude-response-body whitespace-normal break-words\"><strong>T\u00e9l\u00e9chargez votre brochure ESSE gratuite<\/strong><\/h2>\n<p class=\"font-claude-response-body whitespace-normal break-words\">Des fourneaux authentiques avec du caract\u00e8re. D\u00e9couvrez plus de 25 pages remplies de:<\/p>\n<ul class=\"[&amp;:not(:last-child)_ul]:pb-1 [&amp;:not(:last-child)_ol]:pb-1 list-disc space-y-2.5 pl-7\">\n<li class=\"whitespace-normal break-words\">Images d&rsquo;ambiance inspirantes<\/li>\n<li class=\"whitespace-normal break-words\">Tous les mod\u00e8les et couleurs<\/li>\n<li class=\"whitespace-normal break-words\">Sp\u00e9cifications techniques<\/li>\n<li class=\"whitespace-normal break-words\">Indications de prix et possibilit\u00e9s de personnalisation<\/li>\n<\/ul>\n<p class=\"font-claude-response-body whitespace-normal break-words\">Cette traduction conserve le ton promotionnel et la structure du texte original n\u00e9erlandais tout en \u00e9tant naturelle en fran\u00e7ais.<\/p>\n\n                \n            <\/div>\n        \n                    <figure class=\"wpb-image wpb-align-right\">\n                <img loading=\"lazy\" decoding=\"async\" width=\"2560\" height=\"1713\" src=\"https:\/\/essecookers.nl\/wp-content\/uploads\/2025\/08\/Brochure-Esse-cookers-scaled.png?wsr\" class=\"attachment-full size-full\" alt=\"Brochure voor inspiratie op te doen.\" srcset=\"https:\/\/essecookers.nl\/wp-content\/uploads\/2025\/08\/Brochure-Esse-cookers-scaled.png 2560w, https:\/\/essecookers.nl\/wp-content\/uploads\/2025\/08\/Brochure-Esse-cookers-300x201.png 300w, https:\/\/essecookers.nl\/wp-content\/uploads\/2025\/08\/Brochure-Esse-cookers-1024x685.png 1024w, https:\/\/essecookers.nl\/wp-content\/uploads\/2025\/08\/Brochure-Esse-cookers-768x514.png 768w, https:\/\/essecookers.nl\/wp-content\/uploads\/2025\/08\/Brochure-Esse-cookers-1536x1028.png 1536w, https:\/\/essecookers.nl\/wp-content\/uploads\/2025\/08\/Brochure-Esse-cookers-2048x1370.png 2048w\" sizes=\"auto, (max-width: 2560px) 100vw, 2560px\" \/>                            <\/figure>\n        \n    <\/div>\n\n    \n<\/section>\n\n\n<section class=\"wpb-block wpb-block--text wpb-wst--none wpb-wsb--large wpb-bg-clr--transparent\">\n\n    <div class=\"container\">\n\n                    <div class=\"wpb-text wpb-text--wide\">\n            <p><script src=\"https:\/\/js-eu1.hsforms.net\/forms\/embed\/146545318.js\" defer=\"defer\"><\/script><\/p>\n<div class=\"hs-form-frame\" data-region=\"eu1\" data-form-id=\"ebc15b4c-eaae-4774-81bb-430132ce560c\" data-portal-id=\"146545318\"><\/div>\n            <\/div>\n        \n        \n        \n        \n    <\/div>\n\n    \n<\/section>\n\n\n\n\n<section class=\"wpb-block wpb-block--carousel wpb-wst--none wpb-wsb--large wpb-bg-clr--transparent\">\n\n    <div class=\"container  container--standard\">\n\n                    <div class=\"wpb-text\">\n                <div data-test-render-count=\"1\">\n<div class=\"group relative pb-3\" data-is-streaming=\"false\">\n<div class=\"font-claude-response relative leading-[1.65rem] [&amp;_pre&gt;div]:bg-bg-000\/50 [&amp;_pre&gt;div]:border-0.5 [&amp;_pre&gt;div]:border-border-400 [&amp;_.ignore-pre-bg&gt;div]:bg-transparent [&amp;_.standard-markdown_:is(p,blockquote,h1,h2,h3,h4,h5,h6)]:pl-2 [&amp;_.standard-markdown_:is(p,blockquote,ul,ol,h1,h2,h3,h4,h5,h6)]:pr-8 [&amp;_.progressive-markdown_:is(p,blockquote,h1,h2,h3,h4,h5,h6)]:pl-2 [&amp;_.progressive-markdown_:is(p,blockquote,ul,ol,h1,h2,h3,h4,h5,h6)]:pr-8\">\n<div>\n<div class=\"grid-cols-1 grid gap-2.5 [&amp;_&gt;_*]:min-w-0 standard-markdown\">\n<h1 class=\"font-claude-response-body whitespace-normal break-words\"><strong>Plus de 10.000 propri\u00e9taires ESSE satisfaits<\/strong><\/h1>\n<\/div>\n<\/div>\n<\/div>\n<div class=\"absolute bottom-0 right-2 pointer-events-none\">\n<div class=\"rounded-lg transition min-w-max pointer-events-auto translate-x-2 translate-y-full pt-2\">\n<div class=\"text-text-300 flex items-stretch justify-between\">\n<div class=\"flex items-center\">\n<div class=\"w-fit\" data-state=\"closed\">\n<div class=\"flex items-center justify-center\"><\/div>\n<\/div>\n<\/div>\n<\/div>\n<\/div>\n<\/div>\n<\/div>\n<\/div>\n            <\/div>\n        \n    <\/div>\n\n        \n        <div class=\"wpb-carousel wpb-carousel--fluid\"\n        \n            data-config='{\n            \"XS\":  {\"columns\": 1, \"gap\": 20 }, \n            \"SM\":  {\"columns\": 1, \"gap\": 20 }, \n            \"MD\":  {\"columns\": 1, \"gap\": 20 }, \n            \"LG\":  {\"columns\": 1, \"gap\": 20 }, \n            \"XL\":  {\"columns\": 1, \"gap\": 20 },\n            \"XXL\": {\"columns\": 1, \"gap\": 20 },\n            \"GLOBAL\" : { \"fluid\" : true } }'>\n\n            <div class=\"wpb-carousel__container\">\n                <div class=\"wpb-carousel__track\">\n                                                <div class=\"wpb-carousel__slide wpb-carousel__slide--image\" style=\"--item-width: 33.33%\">\n                                <img loading=\"lazy\" decoding=\"async\" width=\"1024\" height=\"768\" src=\"https:\/\/essecookers.nl\/wp-content\/uploads\/2025\/11\/Review-ESSE-Cookers-4.jpg?wsr\" class=\"attachment-large size-large\" alt=\"\" srcset=\"https:\/\/essecookers.nl\/wp-content\/uploads\/2025\/11\/Review-ESSE-Cookers-4.jpg 1024w, https:\/\/essecookers.nl\/wp-content\/uploads\/2025\/11\/Review-ESSE-Cookers-4-300x225.jpg 300w, https:\/\/essecookers.nl\/wp-content\/uploads\/2025\/11\/Review-ESSE-Cookers-4-768x576.jpg 768w\" sizes=\"auto, (max-width: 1024px) 100vw, 1024px\" \/>                            <\/div>\n                                                    <div class=\"wpb-carousel__slide wpb-carousel__slide--image\" style=\"--item-width: 33.33%\">\n                                <img loading=\"lazy\" decoding=\"async\" width=\"1024\" height=\"768\" src=\"https:\/\/essecookers.nl\/wp-content\/uploads\/2025\/11\/Review-ESSE-Cookers-3.jpg?wsr\" class=\"attachment-large size-large\" alt=\"\" srcset=\"https:\/\/essecookers.nl\/wp-content\/uploads\/2025\/11\/Review-ESSE-Cookers-3.jpg 1024w, https:\/\/essecookers.nl\/wp-content\/uploads\/2025\/11\/Review-ESSE-Cookers-3-300x225.jpg 300w, https:\/\/essecookers.nl\/wp-content\/uploads\/2025\/11\/Review-ESSE-Cookers-3-768x576.jpg 768w\" sizes=\"auto, (max-width: 1024px) 100vw, 1024px\" \/>                            <\/div>\n                                                    <div class=\"wpb-carousel__slide wpb-carousel__slide--image\" style=\"--item-width: 33.33%\">\n                                <img loading=\"lazy\" decoding=\"async\" width=\"1024\" height=\"768\" src=\"https:\/\/essecookers.nl\/wp-content\/uploads\/2025\/11\/Review-ESSE-Cookers-2.jpg?wsr\" class=\"attachment-large size-large\" alt=\"\" srcset=\"https:\/\/essecookers.nl\/wp-content\/uploads\/2025\/11\/Review-ESSE-Cookers-2.jpg 1024w, https:\/\/essecookers.nl\/wp-content\/uploads\/2025\/11\/Review-ESSE-Cookers-2-300x225.jpg 300w, https:\/\/essecookers.nl\/wp-content\/uploads\/2025\/11\/Review-ESSE-Cookers-2-768x576.jpg 768w\" sizes=\"auto, (max-width: 1024px) 100vw, 1024px\" \/>                            <\/div>\n                                                    <div class=\"wpb-carousel__slide wpb-carousel__slide--image\" style=\"--item-width: 33.33%\">\n                                <img loading=\"lazy\" decoding=\"async\" width=\"1024\" height=\"768\" src=\"https:\/\/essecookers.nl\/wp-content\/uploads\/2025\/11\/Review-ESSE-Cookers-1.jpg?wsr\" class=\"attachment-large size-large\" alt=\"\" srcset=\"https:\/\/essecookers.nl\/wp-content\/uploads\/2025\/11\/Review-ESSE-Cookers-1.jpg 1024w, https:\/\/essecookers.nl\/wp-content\/uploads\/2025\/11\/Review-ESSE-Cookers-1-300x225.jpg 300w, https:\/\/essecookers.nl\/wp-content\/uploads\/2025\/11\/Review-ESSE-Cookers-1-768x576.jpg 768w\" sizes=\"auto, (max-width: 1024px) 100vw, 1024px\" \/>                            <\/div>\n                                                    <div class=\"wpb-carousel__slide wpb-carousel__slide--image\" style=\"--item-width: 33.33%\">\n                                <img loading=\"lazy\" decoding=\"async\" width=\"1024\" height=\"768\" src=\"https:\/\/essecookers.nl\/wp-content\/uploads\/2025\/11\/ESSE-Cookers-reviews.jpg?wsr\" class=\"attachment-large size-large\" alt=\"\" srcset=\"https:\/\/essecookers.nl\/wp-content\/uploads\/2025\/11\/ESSE-Cookers-reviews.jpg 1024w, https:\/\/essecookers.nl\/wp-content\/uploads\/2025\/11\/ESSE-Cookers-reviews-300x225.jpg 300w, https:\/\/essecookers.nl\/wp-content\/uploads\/2025\/11\/ESSE-Cookers-reviews-768x576.jpg 768w\" sizes=\"auto, (max-width: 1024px) 100vw, 1024px\" \/>                            <\/div>\n                                                    <div class=\"wpb-carousel__slide wpb-carousel__slide--image\" style=\"--item-width: 33.33%\">\n                                <img loading=\"lazy\" decoding=\"async\" width=\"819\" height=\"1024\" src=\"https:\/\/essecookers.nl\/wp-content\/uploads\/2025\/11\/philippavinecooking_1697700934_3216871054993631964_3061931743-1-819x1024.jpg?wsr\" class=\"attachment-large size-large\" alt=\"\" srcset=\"https:\/\/essecookers.nl\/wp-content\/uploads\/2025\/11\/philippavinecooking_1697700934_3216871054993631964_3061931743-1-819x1024.jpg 819w, https:\/\/essecookers.nl\/wp-content\/uploads\/2025\/11\/philippavinecooking_1697700934_3216871054993631964_3061931743-1-240x300.jpg 240w, https:\/\/essecookers.nl\/wp-content\/uploads\/2025\/11\/philippavinecooking_1697700934_3216871054993631964_3061931743-1-768x961.jpg 768w, https:\/\/essecookers.nl\/wp-content\/uploads\/2025\/11\/philippavinecooking_1697700934_3216871054993631964_3061931743-1-1228x1536.jpg 1228w, https:\/\/essecookers.nl\/wp-content\/uploads\/2025\/11\/philippavinecooking_1697700934_3216871054993631964_3061931743-1.jpg 1440w\" sizes=\"auto, (max-width: 819px) 100vw, 819px\" \/>                            <\/div>\n                                        <\/div>\n            <\/div>\n\n            <div class=\"wpb-carousel__footer\">\n                <div><\/div>\n                <div class=\"wpb-carousel__buttons\">\n                    <div class=\"inner\">\n                        <button class=\"wpb-carousel__button wpb-carousel__button-prev\" title=\"Vorige slide\">\n                            <i class=\"wpb-icon wpb-icon--chevron-left\"><\/i>\n                        <\/button>\n                        <button class=\"wpb-carousel__button wpb-carousel__button-next\" title=\"Volgende slide\">\n                            <i class=\"wpb-icon wpb-icon--chevron-right\"><\/i>\n                        <\/button>\n                    <\/div>\n                <\/div>\n                <div><\/div>\n            <\/div>\n\n\n        <\/div>\n\n    \n<\/section>","protected":false},"excerpt":{"rendered":"","protected":false},"author":3,"featured_media":0,"parent":0,"menu_order":0,"comment_status":"closed","ping_status":"closed","template":"","meta":{"_acf_changed":false,"content-type":"","footnotes":""},"class_list":["post-4319","page","type-page","status-publish","hentry"],"acf":[],"yoast_head":"<!-- This site is optimized with the Yoast SEO plugin v27.6 - https:\/\/yoast.com\/product\/yoast-seo-wordpress\/ -->\n<title>Demander une brochure - ESSE Cookers<\/title>\n<meta name=\"robots\" content=\"index, follow, max-snippet:-1, max-image-preview:large, max-video-preview:-1\" \/>\n<link rel=\"canonical\" href=\"https:\/\/essecookers.nl\/fr\/wp-json\/wp\/v2\/pages\/4319\" \/>\n<meta property=\"og:locale\" content=\"fr_FR\" \/>\n<meta property=\"og:type\" content=\"article\" \/>\n<meta property=\"og:title\" content=\"Demander une brochure - ESSE Cookers\" \/>\n<meta property=\"og:url\" content=\"https:\/\/essecookers.nl\/fr\/wp-json\/wp\/v2\/pages\/4319\" \/>\n<meta property=\"og:site_name\" content=\"ESSE Benelux\" \/>\n<meta property=\"article:publisher\" content=\"https:\/\/www.facebook.com\/essecooker.nl\" \/>\n<meta property=\"article:modified_time\" content=\"2025-11-29T13:41:27+00:00\" \/>\n<meta name=\"twitter:card\" content=\"summary_large_image\" \/>\n<script type=\"application\/ld+json\" class=\"yoast-schema-graph\">{\"@context\":\"https:\\\/\\\/schema.org\",\"@graph\":[{\"@type\":\"WebPage\",\"@id\":\"https:\\\/\\\/essecookers.nl\\\/fr\\\/wp-json\\\/wp\\\/v2\\\/pages\\\/4319\",\"url\":\"https:\\\/\\\/essecookers.nl\\\/fr\\\/wp-json\\\/wp\\\/v2\\\/pages\\\/4319\",\"name\":\"Signets\",\"isPartOf\":{\"@id\":\"https:\\\/\\\/essecookers.nl\\\/fr#website\"},\"datePublished\":\"2025-08-23T15:37:32+00:00\",\"dateModified\":\"2025-11-29T13:41:27+00:00\",\"description\":null,\"breadcrumb\":{\"@id\":\"https:\\\/\\\/essecookers.nl\\\/fr\\\/wp-json\\\/wp\\\/v2\\\/pages\\\/4319#breadcrumb\"},\"inLanguage\":\"fr-FR\",\"potentialAction\":[{\"@type\":\"ReadAction\",\"target\":[\"https:\\\/\\\/essecookers.nl\\\/fr\\\/demander-une-brochure\"]}]},{\"@type\":\"BreadcrumbList\",\"@id\":\"https:\\\/\\\/essecookers.nl\\\/fr\\\/wp-json\\\/wp\\\/v2\\\/pages\\\/4319#breadcrumb\",\"itemListElement\":[{\"@type\":\"ListItem\",\"position\":1,\"name\":\"Home\",\"item\":\"https:\\\/\\\/essecookers.nl\\\/fr\"},{\"@type\":\"ListItem\",\"position\":2,\"name\":\"\"}]},{\"@type\":\"WebSite\",\"@id\":\"https:\\\/\\\/essecookers.nl\\\/fr#website\",\"url\":\"https:\\\/\\\/essecookers.nl\\\/fr\",\"name\":\"ESSE Nederland\",\"description\":\"\",\"potentialAction\":[{\"@type\":\"SearchAction\",\"target\":{\"@type\":\"EntryPoint\",\"urlTemplate\":\"https:\\\/\\\/essecookers.nl\\\/fr?s={search_term_string}\"},\"query-input\":{\"@type\":\"PropertyValueSpecification\",\"valueRequired\":true,\"valueName\":\"search_term_string\"}}],\"inLanguage\":\"fr-FR\"}]}<\/script>\n<!-- \/ Yoast SEO plugin. -->","yoast_head_json":{"title":"Demander une brochure - ESSE Cookers","robots":{"index":"index","follow":"follow","max-snippet":"max-snippet:-1","max-image-preview":"max-image-preview:large","max-video-preview":"max-video-preview:-1"},"canonical":"https:\/\/essecookers.nl\/fr\/wp-json\/wp\/v2\/pages\/4319","og_locale":"fr_FR","og_type":"article","og_title":"Demander une brochure - ESSE Cookers","og_url":"https:\/\/essecookers.nl\/fr\/wp-json\/wp\/v2\/pages\/4319","og_site_name":"ESSE Benelux","article_publisher":"https:\/\/www.facebook.com\/essecooker.nl","article_modified_time":"2025-11-29T13:41:27+00:00","twitter_card":"summary_large_image","schema":{"@context":"https:\/\/schema.org","@graph":[{"@type":"WebPage","@id":"https:\/\/essecookers.nl\/fr\/wp-json\/wp\/v2\/pages\/4319","url":"https:\/\/essecookers.nl\/fr\/wp-json\/wp\/v2\/pages\/4319","name":"Signets","isPartOf":{"@id":"https:\/\/essecookers.nl\/fr#website"},"datePublished":"2025-08-23T15:37:32+00:00","dateModified":"2025-11-29T13:41:27+00:00","description":null,"breadcrumb":{"@id":"https:\/\/essecookers.nl\/fr\/wp-json\/wp\/v2\/pages\/4319#breadcrumb"},"inLanguage":"fr-FR","potentialAction":[{"@type":"ReadAction","target":["https:\/\/essecookers.nl\/fr\/demander-une-brochure"]}]},{"@type":"BreadcrumbList","@id":"https:\/\/essecookers.nl\/fr\/wp-json\/wp\/v2\/pages\/4319#breadcrumb","itemListElement":[{"@type":"ListItem","position":1,"name":"Home","item":"https:\/\/essecookers.nl\/fr"},{"@type":"ListItem","position":2,"name":""}]},{"@type":"WebSite","@id":"https:\/\/essecookers.nl\/fr#website","url":"https:\/\/essecookers.nl\/fr","name":"ESSE Nederland","description":"","potentialAction":[{"@type":"SearchAction","target":{"@type":"EntryPoint","urlTemplate":"https:\/\/essecookers.nl\/fr?s={search_term_string}"},"query-input":{"@type":"PropertyValueSpecification","valueRequired":true,"valueName":"search_term_string"}}],"inLanguage":"fr-FR"}]}},"jetpack_sharing_enabled":true,"_links":{"self":[{"href":"https:\/\/essecookers.nl\/fr\/wp-json\/wp\/v2\/pages\/4319","targetHints":{"allow":["GET"]}}],"collection":[{"href":"https:\/\/essecookers.nl\/fr\/wp-json\/wp\/v2\/pages"}],"about":[{"href":"https:\/\/essecookers.nl\/fr\/wp-json\/wp\/v2\/types\/page"}],"author":[{"embeddable":true,"href":"https:\/\/essecookers.nl\/fr\/wp-json\/wp\/v2\/users\/3"}],"replies":[{"embeddable":true,"href":"https:\/\/essecookers.nl\/fr\/wp-json\/wp\/v2\/comments?post=4319"}],"version-history":[{"count":5,"href":"https:\/\/essecookers.nl\/fr\/wp-json\/wp\/v2\/pages\/4319\/revisions"}],"predecessor-version":[{"id":5066,"href":"https:\/\/essecookers.nl\/fr\/wp-json\/wp\/v2\/pages\/4319\/revisions\/5066"}],"wp:attachment":[{"href":"https:\/\/essecookers.nl\/fr\/wp-json\/wp\/v2\/media?parent=4319"}],"curies":[{"name":"wp","href":"https:\/\/api.w.org\/{rel}","templated":true}]}}