{"id":4205,"date":"2025-08-23T17:19:56","date_gmt":"2025-08-23T15:19:56","guid":{"rendered":"https:\/\/essecookers.nl\/showroomafspraak"},"modified":"2025-08-31T22:56:24","modified_gmt":"2025-08-31T20:56:24","slug":"showroom","status":"publish","type":"page","link":"https:\/\/essecookers.nl\/fr\/showroom","title":{"rendered":"Showroom"},"content":{"rendered":"\n    <section class=\"wpb-breadcrumb\">\n        <div class=\"container\">\n            <nav class=\"wpb-breadcrumbs\" id=\"wpb-breadcrumbs\" role=\"navigation\"><span><span><a href=\"https:\/\/essecookers.nl\/fr\">Home<\/a><\/span><\/span><\/nav>        <\/div>\n    <\/section>\n \n\n<section class=\"wpb-header wpb-header--subpage wpb-bg-clr--light-200\">\n\n    <div class=\"container \">\n\n                    <div class=\"wpb-text wpb-text--primary \">\n                <div class=\"row-fluid-wrapper row-depth-1 row-number-1 dnd-section dnd_area-row-0-padding dnd_area-row-0-force-full-width-section\" data-hs-row-id=\"dnd_area-row-0\" data-hs-tree-id=\"dnd_area-row_1753895496352\">\n<div class=\"row-fluid \">\n<div class=\"widget-span widget-type-custom_widget dnd-module span12 widget_1753896362466-hidden\" data-widget-type=\"custom_widget\" data-x=\"0\" data-w=\"12\" data-hs-cell-id=\"widget_1753896362466\">\n<div id=\"hs_cos_wrapper_widget_1753896362466\" class=\"hs_cos_wrapper hs_cos_wrapper_widget hs_cos_wrapper_type_module inpage-editor-active-field updated-editor-styles\" data-hs-cos-general-type=\"widget\" data-hs-cos-type=\"module\" data-hs-overrideable=\"true\" data-test=\"selenium-widget-editor-ready\">\n<div class=\"custom-hero\">\n<div class=\"hero-overlay\">\n<div class=\"hero-content\">\n<h1>Une visite au showroom ESSE Cookers<\/h1>\n<\/div>\n<\/div>\n<\/div>\n<\/div>\n<\/div>\n<\/div>\n<\/div>\n<div class=\"row-fluid-wrapper row-depth-1 row-number-2 dnd-section dnd_area-row-1-padding dnd_area-row-1-vertical-alignment\" data-hs-row-id=\"dnd_area-row-1\" data-hs-tree-id=\"dnd_area-row_1753615147256\">\n<div class=\"row-fluid \">\n<div class=\"widget-span widget-type-cell dnd-column span6 cell_1753615161828-padding cell_1753615161828-vertical-alignment\" data-widget-type=\"cell\" data-x=\"0\" data-w=\"6\" data-hs-cell-id=\"cell_1753615161828\">\n<div class=\"row-fluid-wrapper row-depth-1 row-number-3 dnd-row\" data-hs-row-id=\"cell_1753615161828-row-0\" data-hs-tree-id=\"cell_1753615161828-row_17536151618282\">\n<div class=\"row-fluid \">\n<div class=\"widget-span widget-type-custom_widget dnd-module span12\" data-widget-type=\"custom_widget\" data-x=\"0\" data-w=\"12\" data-hs-cell-id=\"widget_1753615161659\">\n<div id=\"hs_cos_wrapper_widget_1753615161659\" class=\"hs_cos_wrapper hs_cos_wrapper_widget hs_cos_wrapper_type_module\" data-hs-cos-general-type=\"widget\" data-hs-cos-type=\"module\" data-hs-overrideable=\"true\" data-test=\"selenium-widget-editor-ready\">\n<div class=\"hs-elevate-rich-text _hs-elevate-rich-text_1xf34_1\"><\/div>\n<\/div>\n<\/div>\n<\/div>\n<\/div>\n<\/div>\n<\/div>\n<\/div>\n\n                \n            <\/div>\n                \n    <\/div>\n\n            <figure>\n            <img loading=\"lazy\" decoding=\"async\" width=\"1500\" height=\"1001\" src=\"https:\/\/essecookers.nl\/wp-content\/uploads\/2025\/08\/PKO6203.jpg?wsr\" class=\"attachment-full size-full\" alt=\"Jelle Jilssen die een houtkachel bijvult van ESSE Cookers\" srcset=\"https:\/\/essecookers.nl\/wp-content\/uploads\/2025\/08\/PKO6203.jpg 1500w, https:\/\/essecookers.nl\/wp-content\/uploads\/2025\/08\/PKO6203-300x200.jpg 300w, https:\/\/essecookers.nl\/wp-content\/uploads\/2025\/08\/PKO6203-1024x683.jpg 1024w, https:\/\/essecookers.nl\/wp-content\/uploads\/2025\/08\/PKO6203-768x513.jpg 768w\" sizes=\"auto, (max-width: 1500px) 100vw, 1500px\" \/>        <\/figure>\n    \n    <div class=\"wpb-circle-lines\">\n        <div><\/div>\n        <div><\/div>\n        <div><\/div>\n        <div><\/div>\n        <div><\/div>\n        <div><\/div>\n    <\/div>\n\n<\/section>\n\n    <section class=\"wpb-header-cta\">\n        <div class=\"container\">\n            <div class=\"wpb-card wpb-card--light-200 wpb-card--mini-cta\">\n                                    <div class=\"wpb-card__header\">\n                        <img loading=\"lazy\" decoding=\"async\" width=\"242\" height=\"300\" src=\"https:\/\/essecookers.nl\/wp-content\/uploads\/2023\/12\/foto-242x300.png?wsr\" class=\"attachment-medium size-medium\" alt=\"\" srcset=\"https:\/\/essecookers.nl\/wp-content\/uploads\/2023\/12\/foto-242x300.png 242w, https:\/\/essecookers.nl\/wp-content\/uploads\/2023\/12\/foto.png 496w\" sizes=\"auto, (max-width: 242px) 100vw, 242px\" \/>                    <\/div>\n                                <div class=\"wpb-card__body\">\n                    <h3 class=\"wpb-card__title\">\n                        Plus d&rsquo;informations ?                    <\/h3>\n                    <p>\n                        Nous sommes heureux de vous aider !                    <\/p>\n                                        <div class=\"btn-group\">\n                        <a href=\"tel:+31 6 29 23 89 18\" class=\"btn btn--small btn--outline\">\n                            <i class=\"wpb-icon wpb-icon--headset\"><\/i>\n                            +31 6 29 23 89 18                        <\/a>\n                    <\/div>\n                <\/div>\n            <\/div>\n        <\/div>\n    <\/section>\n\n\n\n<section class=\"wpb-block wpb-block--text wpb-wst--large wpb-wsb--large wpb-bg-clr--transparent\">\n\n    <div class=\"container\">\n\n                    <div class=\"wpb-text wpb-text--wide\">\n            <h2>Planifiez ici votre rendez-vous au showroom<\/h2>\n<hr \/>\n<p>Pr\u00eat \u00e0 r\u00e9aliser la cuisine de vos r\u00eaves ? Prenez rendez-vous d\u00e8s maintenant et nous serons ravis de vous aider !<\/p>\n<p>Pourquoi planifier une visite au showroom ?<\/p>\n<ul>\n<li>Pour voir diff\u00e9rentes cuisines en vrai<\/li>\n<li>Pour d\u00e9couvrir toutes les options et possibilit\u00e9s<\/li>\n<li>Pour vous faire une id\u00e9e de l&rsquo;entreprise Esse Cookers<\/li>\n<li>Pour obtenir des conseils sans engagement pour votre situation ou votre projet<\/li>\n<li>Pour d\u00e9guster un d\u00e9licieux caf\u00e9<\/li>\n<\/ul>\n            <\/div>\n        \n        \n        \n        \n    <\/div>\n\n    \n<\/section>\n\n<p><!-- Start of Meetings Embed Script --><\/p>\n<div class=\"meetings-iframe-container\" data-src=\"https:\/\/meetings-eu1.hubspot.com\/esse?embed=true\"><\/div>\n<p><script type=\"text\/javascript\" src=\"https:\/\/static.hsappstatic.net\/MeetingsEmbed\/ex\/MeetingsEmbedCode.js\"><\/script><br \/>\n<!-- End of Meetings Embed Script --><\/p>\n","protected":false},"excerpt":{"rendered":"","protected":false},"author":3,"featured_media":0,"parent":0,"menu_order":0,"comment_status":"closed","ping_status":"closed","template":"","meta":{"_acf_changed":false,"content-type":"","footnotes":""},"class_list":["post-4205","page","type-page","status-publish","hentry"],"acf":[],"yoast_head":"<!-- This site is optimized with the Yoast SEO plugin v27.4 - https:\/\/yoast.com\/product\/yoast-seo-wordpress\/ -->\n<title>Une visite au showroom aux Pays-Bas - ESSE Cookers<\/title>\n<meta name=\"robots\" content=\"index, follow, max-snippet:-1, max-image-preview:large, max-video-preview:-1\" \/>\n<link rel=\"canonical\" href=\"https:\/\/essecookers.nl\/fr\/wp-json\/wp\/v2\/pages\/4205\" \/>\n<meta property=\"og:locale\" content=\"fr_FR\" \/>\n<meta property=\"og:type\" content=\"article\" \/>\n<meta property=\"og:title\" content=\"Une visite au showroom aux Pays-Bas - ESSE Cookers\" \/>\n<meta property=\"og:url\" content=\"https:\/\/essecookers.nl\/fr\/wp-json\/wp\/v2\/pages\/4205\" \/>\n<meta property=\"og:site_name\" content=\"ESSE Benelux\" \/>\n<meta property=\"article:publisher\" content=\"https:\/\/www.facebook.com\/essecooker.nl\" \/>\n<meta property=\"article:modified_time\" content=\"2025-08-31T20:56:24+00:00\" \/>\n<meta name=\"twitter:card\" content=\"summary_large_image\" \/>\n<script type=\"application\/ld+json\" class=\"yoast-schema-graph\">{\"@context\":\"https:\\\/\\\/schema.org\",\"@graph\":[{\"@type\":\"WebPage\",\"@id\":\"https:\\\/\\\/essecookers.nl\\\/fr\\\/wp-json\\\/wp\\\/v2\\\/pages\\\/4205\",\"url\":\"https:\\\/\\\/essecookers.nl\\\/fr\\\/wp-json\\\/wp\\\/v2\\\/pages\\\/4205\",\"name\":\"Signets\",\"isPartOf\":{\"@id\":\"https:\\\/\\\/essecookers.nl\\\/fr#website\"},\"datePublished\":\"2025-08-23T15:19:56+00:00\",\"dateModified\":\"2025-08-31T20:56:24+00:00\",\"description\":null,\"breadcrumb\":{\"@id\":\"https:\\\/\\\/essecookers.nl\\\/fr\\\/wp-json\\\/wp\\\/v2\\\/pages\\\/4205#breadcrumb\"},\"inLanguage\":\"fr-FR\",\"potentialAction\":[{\"@type\":\"ReadAction\",\"target\":[\"https:\\\/\\\/essecookers.nl\\\/fr\\\/showroom\"]}]},{\"@type\":\"BreadcrumbList\",\"@id\":\"https:\\\/\\\/essecookers.nl\\\/fr\\\/wp-json\\\/wp\\\/v2\\\/pages\\\/4205#breadcrumb\",\"itemListElement\":[{\"@type\":\"ListItem\",\"position\":1,\"name\":\"Home\",\"item\":\"https:\\\/\\\/essecookers.nl\\\/fr\"},{\"@type\":\"ListItem\",\"position\":2,\"name\":\"\"}]},{\"@type\":\"WebSite\",\"@id\":\"https:\\\/\\\/essecookers.nl\\\/fr#website\",\"url\":\"https:\\\/\\\/essecookers.nl\\\/fr\",\"name\":\"ESSE Nederland\",\"description\":\"\",\"potentialAction\":[{\"@type\":\"SearchAction\",\"target\":{\"@type\":\"EntryPoint\",\"urlTemplate\":\"https:\\\/\\\/essecookers.nl\\\/fr?s={search_term_string}\"},\"query-input\":{\"@type\":\"PropertyValueSpecification\",\"valueRequired\":true,\"valueName\":\"search_term_string\"}}],\"inLanguage\":\"fr-FR\"}]}<\/script>\n<!-- \/ Yoast SEO plugin. -->","yoast_head_json":{"title":"Une visite au showroom aux Pays-Bas - ESSE Cookers","robots":{"index":"index","follow":"follow","max-snippet":"max-snippet:-1","max-image-preview":"max-image-preview:large","max-video-preview":"max-video-preview:-1"},"canonical":"https:\/\/essecookers.nl\/fr\/wp-json\/wp\/v2\/pages\/4205","og_locale":"fr_FR","og_type":"article","og_title":"Une visite au showroom aux Pays-Bas - ESSE Cookers","og_url":"https:\/\/essecookers.nl\/fr\/wp-json\/wp\/v2\/pages\/4205","og_site_name":"ESSE Benelux","article_publisher":"https:\/\/www.facebook.com\/essecooker.nl","article_modified_time":"2025-08-31T20:56:24+00:00","twitter_card":"summary_large_image","schema":{"@context":"https:\/\/schema.org","@graph":[{"@type":"WebPage","@id":"https:\/\/essecookers.nl\/fr\/wp-json\/wp\/v2\/pages\/4205","url":"https:\/\/essecookers.nl\/fr\/wp-json\/wp\/v2\/pages\/4205","name":"Signets","isPartOf":{"@id":"https:\/\/essecookers.nl\/fr#website"},"datePublished":"2025-08-23T15:19:56+00:00","dateModified":"2025-08-31T20:56:24+00:00","description":null,"breadcrumb":{"@id":"https:\/\/essecookers.nl\/fr\/wp-json\/wp\/v2\/pages\/4205#breadcrumb"},"inLanguage":"fr-FR","potentialAction":[{"@type":"ReadAction","target":["https:\/\/essecookers.nl\/fr\/showroom"]}]},{"@type":"BreadcrumbList","@id":"https:\/\/essecookers.nl\/fr\/wp-json\/wp\/v2\/pages\/4205#breadcrumb","itemListElement":[{"@type":"ListItem","position":1,"name":"Home","item":"https:\/\/essecookers.nl\/fr"},{"@type":"ListItem","position":2,"name":""}]},{"@type":"WebSite","@id":"https:\/\/essecookers.nl\/fr#website","url":"https:\/\/essecookers.nl\/fr","name":"ESSE Nederland","description":"","potentialAction":[{"@type":"SearchAction","target":{"@type":"EntryPoint","urlTemplate":"https:\/\/essecookers.nl\/fr?s={search_term_string}"},"query-input":{"@type":"PropertyValueSpecification","valueRequired":true,"valueName":"search_term_string"}}],"inLanguage":"fr-FR"}]}},"jetpack_sharing_enabled":true,"_links":{"self":[{"href":"https:\/\/essecookers.nl\/fr\/wp-json\/wp\/v2\/pages\/4205","targetHints":{"allow":["GET"]}}],"collection":[{"href":"https:\/\/essecookers.nl\/fr\/wp-json\/wp\/v2\/pages"}],"about":[{"href":"https:\/\/essecookers.nl\/fr\/wp-json\/wp\/v2\/types\/page"}],"author":[{"embeddable":true,"href":"https:\/\/essecookers.nl\/fr\/wp-json\/wp\/v2\/users\/3"}],"replies":[{"embeddable":true,"href":"https:\/\/essecookers.nl\/fr\/wp-json\/wp\/v2\/comments?post=4205"}],"version-history":[{"count":4,"href":"https:\/\/essecookers.nl\/fr\/wp-json\/wp\/v2\/pages\/4205\/revisions"}],"predecessor-version":[{"id":4306,"href":"https:\/\/essecookers.nl\/fr\/wp-json\/wp\/v2\/pages\/4205\/revisions\/4306"}],"wp:attachment":[{"href":"https:\/\/essecookers.nl\/fr\/wp-json\/wp\/v2\/media?parent=4205"}],"curies":[{"name":"wp","href":"https:\/\/api.w.org\/{rel}","templated":true}]}}