{"id":3289,"date":"2024-10-24T09:49:59","date_gmt":"2024-10-24T07:49:59","guid":{"rendered":"https:\/\/essecookers.nl\/contact-2"},"modified":"2025-08-18T14:24:53","modified_gmt":"2025-08-18T12:24:53","slug":"contact","status":"publish","type":"page","link":"https:\/\/essecookers.nl\/fr\/contact","title":{"rendered":"Contact"},"content":{"rendered":"\n<section class=\"wpb-block wpb-block--text-gallery wpb-wst--large wpb-wsb--large wpb-bg-clr--transparent\">\n\n    <div class=\"container  container--standard align-center\">\n\n                    <div class=\"wpb-text\">\n                <h2><strong>Visitez notre salle d&rsquo;exposition<\/strong><\/h2>\n<p>Curieux de d\u00e9couvrir l&rsquo;ensemble de notre collection ? Passez dans notre salle d&rsquo;exposition et d\u00e9couvrez notre vaste gamme en personne. Nombre de nos appareils sont connect\u00e9s et pr\u00eats \u00e0 l&#8217;emploi, ce qui vous permet de les d\u00e9couvrir par vous-m\u00eame. Nous sommes \u00e0 votre disposition pour vous fournir des conseils personnalis\u00e9s et vous aider \u00e0 faire le bon choix. Nous sommes \u00e0 l&rsquo;\u00e9coute de vos besoins et de vos exigences pour vous donner des conseils honn\u00eates et comp\u00e9tents.<\/p>\n<p><strong>Horaires d&rsquo;ouverture :<\/strong><\/p>\n<p>Du lundi au samedi de 9h00 \u00e0 17h00 &#8211; <em>sur rendez-vous uniquement<\/em>.<\/p>\n<p><strong>Faites-en l&rsquo;exp\u00e9rience et laissez-vous inspirer dans notre salle d&rsquo;exposition !<\/strong><\/p>\n                            <\/div>\n        \n                    <figure class=\"wpb-image wpb-image--gallery wpb-align-right\">\n                                    <img loading=\"lazy\" decoding=\"async\" width=\"1500\" height=\"1001\" src=\"https:\/\/essecookers.nl\/wp-content\/uploads\/2023\/12\/PKO6203.jpg?wsr\" class=\"attachment-full size-full\" alt=\"\" srcset=\"https:\/\/essecookers.nl\/wp-content\/uploads\/2023\/12\/PKO6203.jpg 1500w, https:\/\/essecookers.nl\/wp-content\/uploads\/2023\/12\/PKO6203-300x200.jpg 300w, https:\/\/essecookers.nl\/wp-content\/uploads\/2023\/12\/PKO6203-1024x683.jpg 1024w, https:\/\/essecookers.nl\/wp-content\/uploads\/2023\/12\/PKO6203-768x513.jpg 768w\" sizes=\"auto, (max-width: 1500px) 100vw, 1500px\" \/>                                    <img loading=\"lazy\" decoding=\"async\" width=\"2000\" height=\"1500\" src=\"https:\/\/essecookers.nl\/wp-content\/uploads\/2023\/12\/93a946bf-cfb9-48c5-9c4c-dc2da4b41683.jpg?wsr\" class=\"attachment-full size-full\" alt=\"\" srcset=\"https:\/\/essecookers.nl\/wp-content\/uploads\/2023\/12\/93a946bf-cfb9-48c5-9c4c-dc2da4b41683.jpg 2000w, https:\/\/essecookers.nl\/wp-content\/uploads\/2023\/12\/93a946bf-cfb9-48c5-9c4c-dc2da4b41683-300x225.jpg 300w, https:\/\/essecookers.nl\/wp-content\/uploads\/2023\/12\/93a946bf-cfb9-48c5-9c4c-dc2da4b41683-1024x768.jpg 1024w, https:\/\/essecookers.nl\/wp-content\/uploads\/2023\/12\/93a946bf-cfb9-48c5-9c4c-dc2da4b41683-768x576.jpg 768w, https:\/\/essecookers.nl\/wp-content\/uploads\/2023\/12\/93a946bf-cfb9-48c5-9c4c-dc2da4b41683-1536x1152.jpg 1536w\" sizes=\"auto, (max-width: 2000px) 100vw, 2000px\" \/>                                    <img loading=\"lazy\" decoding=\"async\" width=\"1111\" height=\"828\" src=\"https:\/\/essecookers.nl\/wp-content\/uploads\/2023\/11\/ESSE-1000X-Sage-fornuis-Eten-in-ovens-front-aanzicht.jpg?wsr\" class=\"attachment-full size-full\" alt=\"\" srcset=\"https:\/\/essecookers.nl\/wp-content\/uploads\/2023\/11\/ESSE-1000X-Sage-fornuis-Eten-in-ovens-front-aanzicht.jpg 1111w, https:\/\/essecookers.nl\/wp-content\/uploads\/2023\/11\/ESSE-1000X-Sage-fornuis-Eten-in-ovens-front-aanzicht-300x224.jpg 300w, https:\/\/essecookers.nl\/wp-content\/uploads\/2023\/11\/ESSE-1000X-Sage-fornuis-Eten-in-ovens-front-aanzicht-1024x763.jpg 1024w, https:\/\/essecookers.nl\/wp-content\/uploads\/2023\/11\/ESSE-1000X-Sage-fornuis-Eten-in-ovens-front-aanzicht-768x572.jpg 768w\" sizes=\"auto, (max-width: 1111px) 100vw, 1111px\" \/>                                    <img loading=\"lazy\" decoding=\"async\" width=\"2560\" height=\"1920\" src=\"https:\/\/essecookers.nl\/wp-content\/uploads\/2025\/02\/20250109_104834-scaled.jpg?wsr\" class=\"attachment-full size-full\" alt=\"\" srcset=\"https:\/\/essecookers.nl\/wp-content\/uploads\/2025\/02\/20250109_104834-scaled.jpg 2560w, https:\/\/essecookers.nl\/wp-content\/uploads\/2025\/02\/20250109_104834-300x225.jpg 300w, https:\/\/essecookers.nl\/wp-content\/uploads\/2025\/02\/20250109_104834-1024x768.jpg 1024w, https:\/\/essecookers.nl\/wp-content\/uploads\/2025\/02\/20250109_104834-768x576.jpg 768w, https:\/\/essecookers.nl\/wp-content\/uploads\/2025\/02\/20250109_104834-1536x1152.jpg 1536w, https:\/\/essecookers.nl\/wp-content\/uploads\/2025\/02\/20250109_104834-2048x1536.jpg 2048w\" sizes=\"auto, (max-width: 2560px) 100vw, 2560px\" \/>                            <\/figure>\n        \n    <\/div>\n\n    \n<\/section>","protected":false},"excerpt":{"rendered":"","protected":false},"author":1,"featured_media":0,"parent":0,"menu_order":0,"comment_status":"closed","ping_status":"closed","template":"template-contact.php","meta":{"_acf_changed":false,"content-type":"","footnotes":""},"class_list":["post-3289","page","type-page","status-publish","hentry"],"acf":[],"yoast_head":"<!-- This site is optimized with the Yoast SEO plugin v27.4 - https:\/\/yoast.com\/product\/yoast-seo-wordpress\/ -->\n<title>Contact - ESSE Benelux<\/title>\n<meta name=\"robots\" content=\"index, follow, max-snippet:-1, max-image-preview:large, max-video-preview:-1\" \/>\n<link rel=\"canonical\" href=\"https:\/\/essecookers.nl\/fr\/wp-json\/wp\/v2\/pages\/3289\" \/>\n<meta property=\"og:locale\" content=\"fr_FR\" \/>\n<meta property=\"og:type\" content=\"article\" \/>\n<meta property=\"og:title\" content=\"Contact - ESSE Benelux\" \/>\n<meta property=\"og:url\" content=\"https:\/\/essecookers.nl\/fr\/wp-json\/wp\/v2\/pages\/3289\" \/>\n<meta property=\"og:site_name\" content=\"ESSE Benelux\" \/>\n<meta property=\"article:publisher\" content=\"https:\/\/www.facebook.com\/essecooker.nl\" \/>\n<meta property=\"article:modified_time\" content=\"2025-08-18T12:24:53+00:00\" \/>\n<meta name=\"twitter:card\" content=\"summary_large_image\" \/>\n<script type=\"application\/ld+json\" class=\"yoast-schema-graph\">{\"@context\":\"https:\\\/\\\/schema.org\",\"@graph\":[{\"@type\":\"WebPage\",\"@id\":\"https:\\\/\\\/essecookers.nl\\\/fr\\\/wp-json\\\/wp\\\/v2\\\/pages\\\/3289\",\"url\":\"https:\\\/\\\/essecookers.nl\\\/fr\\\/wp-json\\\/wp\\\/v2\\\/pages\\\/3289\",\"name\":\"Signets\",\"isPartOf\":{\"@id\":\"https:\\\/\\\/essecookers.nl\\\/fr#website\"},\"datePublished\":\"2024-10-24T07:49:59+00:00\",\"dateModified\":\"2025-08-18T12:24:53+00:00\",\"description\":null,\"breadcrumb\":{\"@id\":\"https:\\\/\\\/essecookers.nl\\\/fr\\\/wp-json\\\/wp\\\/v2\\\/pages\\\/3289#breadcrumb\"},\"inLanguage\":\"fr-FR\",\"potentialAction\":[{\"@type\":\"ReadAction\",\"target\":[\"https:\\\/\\\/essecookers.nl\\\/fr\\\/contact\"]}]},{\"@type\":\"BreadcrumbList\",\"@id\":\"https:\\\/\\\/essecookers.nl\\\/fr\\\/wp-json\\\/wp\\\/v2\\\/pages\\\/3289#breadcrumb\",\"itemListElement\":[{\"@type\":\"ListItem\",\"position\":1,\"name\":\"Home\",\"item\":\"https:\\\/\\\/essecookers.nl\\\/fr\"},{\"@type\":\"ListItem\",\"position\":2,\"name\":\"\"}]},{\"@type\":\"WebSite\",\"@id\":\"https:\\\/\\\/essecookers.nl\\\/fr#website\",\"url\":\"https:\\\/\\\/essecookers.nl\\\/fr\",\"name\":\"ESSE Nederland\",\"description\":\"\",\"potentialAction\":[{\"@type\":\"SearchAction\",\"target\":{\"@type\":\"EntryPoint\",\"urlTemplate\":\"https:\\\/\\\/essecookers.nl\\\/fr?s={search_term_string}\"},\"query-input\":{\"@type\":\"PropertyValueSpecification\",\"valueRequired\":true,\"valueName\":\"search_term_string\"}}],\"inLanguage\":\"fr-FR\"}]}<\/script>\n<!-- \/ Yoast SEO plugin. -->","yoast_head_json":{"title":"Contact - ESSE Benelux","robots":{"index":"index","follow":"follow","max-snippet":"max-snippet:-1","max-image-preview":"max-image-preview:large","max-video-preview":"max-video-preview:-1"},"canonical":"https:\/\/essecookers.nl\/fr\/wp-json\/wp\/v2\/pages\/3289","og_locale":"fr_FR","og_type":"article","og_title":"Contact - ESSE Benelux","og_url":"https:\/\/essecookers.nl\/fr\/wp-json\/wp\/v2\/pages\/3289","og_site_name":"ESSE Benelux","article_publisher":"https:\/\/www.facebook.com\/essecooker.nl","article_modified_time":"2025-08-18T12:24:53+00:00","twitter_card":"summary_large_image","schema":{"@context":"https:\/\/schema.org","@graph":[{"@type":"WebPage","@id":"https:\/\/essecookers.nl\/fr\/wp-json\/wp\/v2\/pages\/3289","url":"https:\/\/essecookers.nl\/fr\/wp-json\/wp\/v2\/pages\/3289","name":"Signets","isPartOf":{"@id":"https:\/\/essecookers.nl\/fr#website"},"datePublished":"2024-10-24T07:49:59+00:00","dateModified":"2025-08-18T12:24:53+00:00","description":null,"breadcrumb":{"@id":"https:\/\/essecookers.nl\/fr\/wp-json\/wp\/v2\/pages\/3289#breadcrumb"},"inLanguage":"fr-FR","potentialAction":[{"@type":"ReadAction","target":["https:\/\/essecookers.nl\/fr\/contact"]}]},{"@type":"BreadcrumbList","@id":"https:\/\/essecookers.nl\/fr\/wp-json\/wp\/v2\/pages\/3289#breadcrumb","itemListElement":[{"@type":"ListItem","position":1,"name":"Home","item":"https:\/\/essecookers.nl\/fr"},{"@type":"ListItem","position":2,"name":""}]},{"@type":"WebSite","@id":"https:\/\/essecookers.nl\/fr#website","url":"https:\/\/essecookers.nl\/fr","name":"ESSE Nederland","description":"","potentialAction":[{"@type":"SearchAction","target":{"@type":"EntryPoint","urlTemplate":"https:\/\/essecookers.nl\/fr?s={search_term_string}"},"query-input":{"@type":"PropertyValueSpecification","valueRequired":true,"valueName":"search_term_string"}}],"inLanguage":"fr-FR"}]}},"jetpack_sharing_enabled":true,"_links":{"self":[{"href":"https:\/\/essecookers.nl\/fr\/wp-json\/wp\/v2\/pages\/3289","targetHints":{"allow":["GET"]}}],"collection":[{"href":"https:\/\/essecookers.nl\/fr\/wp-json\/wp\/v2\/pages"}],"about":[{"href":"https:\/\/essecookers.nl\/fr\/wp-json\/wp\/v2\/types\/page"}],"author":[{"embeddable":true,"href":"https:\/\/essecookers.nl\/fr\/wp-json\/wp\/v2\/users\/1"}],"replies":[{"embeddable":true,"href":"https:\/\/essecookers.nl\/fr\/wp-json\/wp\/v2\/comments?post=3289"}],"version-history":[{"count":4,"href":"https:\/\/essecookers.nl\/fr\/wp-json\/wp\/v2\/pages\/3289\/revisions"}],"predecessor-version":[{"id":3447,"href":"https:\/\/essecookers.nl\/fr\/wp-json\/wp\/v2\/pages\/3289\/revisions\/3447"}],"wp:attachment":[{"href":"https:\/\/essecookers.nl\/fr\/wp-json\/wp\/v2\/media?parent=3289"}],"curies":[{"name":"wp","href":"https:\/\/api.w.org\/{rel}","templated":true}]}}