{"id":2580,"date":"2023-11-13T10:17:07","date_gmt":"2023-11-13T08:17:07","guid":{"rendered":"https:\/\/essecookers.nl\/a-propos-de-nous"},"modified":"2026-04-26T20:46:16","modified_gmt":"2026-04-26T18:46:16","slug":"a-propos-de-nous","status":"publish","type":"page","link":"https:\/\/essecookers.nl\/fr\/a-propos-de-nous","title":{"rendered":"A propos de nous"},"content":{"rendered":"\n<section class=\"wpb-block wpb-block--text-media wpb-wst--large wpb-wsb--large wpb-bg-clr--transparent\">\n\n    <div class=\"container  container--standard align-center\">\n\n                    <div class=\"wpb-text\">\n                                    <span class=\"wpb-text__label\">\n                        Plein de connaissances en interne                    <\/span>    \n                                <h2>Nous sommes votre sp\u00e9cialiste ESSE au Benelux<\/h2>\n<p>ESSE Cookers est un partenaire fiable pour les po\u00eales et po\u00eales ESSE depuis plus de vingt ans. Les produits artisanaux sont fabriqu\u00e9s en Grande-Bretagne depuis 1854. Avec un po\u00eale \u00e0 bois ESSE, vous apportez \u00e0 votre maison une qualit\u00e9 in\u00e9gal\u00e9e.<\/p>\n<p>Nous sommes importateur et revendeur d&rsquo;ESSE au Benelux, ce qui signifie que nous sommes en contact \u00e9troit avec le si\u00e8ge social. Lorsqu&rsquo;un nouveau mod\u00e8le ESSE arrive sur le march\u00e9, vous le trouverez tout aussi rapidement chez nous. Nous effectuons \u00e9galement nous-m\u00eames tous les travaux de r\u00e9paration et d\u2019entretien.<\/p>\n\n                \n            <\/div>\n        \n                    <figure class=\"wpb-image wpb-align-left\">\n                <img loading=\"lazy\" decoding=\"async\" width=\"1920\" height=\"1282\" src=\"https:\/\/essecookers.nl\/wp-content\/uploads\/2023\/12\/PKO6262-scaled.jpg?wsr\" class=\"attachment-full size-full\" alt=\"\" srcset=\"https:\/\/essecookers.nl\/wp-content\/uploads\/2023\/12\/PKO6262-scaled.jpg 1920w, https:\/\/essecookers.nl\/wp-content\/uploads\/2023\/12\/PKO6262-300x200.jpg 300w, https:\/\/essecookers.nl\/wp-content\/uploads\/2023\/12\/PKO6262-1024x684.jpg 1024w, https:\/\/essecookers.nl\/wp-content\/uploads\/2023\/12\/PKO6262-768x513.jpg 768w, https:\/\/essecookers.nl\/wp-content\/uploads\/2023\/12\/PKO6262-1536x1025.jpg 1536w, https:\/\/essecookers.nl\/wp-content\/uploads\/2023\/12\/PKO6262-2048x1367.jpg 2048w\" sizes=\"auto, (max-width: 1920px) 100vw, 1920px\" \/>                                    <span class=\"wpb-icon-wrapper\">\n                        <i class=\"wpb-icon\" style=\"--src: url('https:\/\/essecookers.nl\/wp-content\/uploads\/2023\/11\/icon-made-it-britain.svg');\"><\/i>\n                    <\/span>\n                            <\/figure>\n        \n    <\/div>\n\n    \n<\/section>\n\n\n<section class=\"wpb-block wpb-block--blurb wpb-wst--large wpb-wsb--medium wpb-bg-clr--light-200\">\n\n    <div class=\"container  container--standard\">\n\n                    <div class=\"wpb-text\">\n                <p style=\"text-align: center\">Choisissez l&rsquo;ESSE qui vous convient<\/p>\n<h2 style=\"text-align: center\">Po\u00eales et radiateurs \u00e9lectriques ou \u00e0 bois<\/h2>\n\n                \n            <\/div>\n        \n                    <div class=\" d-grid g-20 cols-1 cols-md-3\">\n                \n                    <div class=\"wpb-card wpb-card--blurb\">\n                                                    <div class=\"wpb-card__header\">\n                                <img loading=\"lazy\" decoding=\"async\" width=\"1024\" height=\"683\" src=\"https:\/\/essecookers.nl\/wp-content\/uploads\/2023\/12\/esse-1000-x-and-companion-1024x683.jpg?wsr\" class=\"attachment-large size-large\" alt=\"\" srcset=\"https:\/\/essecookers.nl\/wp-content\/uploads\/2023\/12\/esse-1000-x-and-companion-1024x683.jpg 1024w, https:\/\/essecookers.nl\/wp-content\/uploads\/2023\/12\/esse-1000-x-and-companion-300x200.jpg 300w, https:\/\/essecookers.nl\/wp-content\/uploads\/2023\/12\/esse-1000-x-and-companion-768x512.jpg 768w, https:\/\/essecookers.nl\/wp-content\/uploads\/2023\/12\/esse-1000-x-and-companion-1536x1024.jpg 1536w, https:\/\/essecookers.nl\/wp-content\/uploads\/2023\/12\/esse-1000-x-and-companion-2048x1365.jpg 2048w, https:\/\/essecookers.nl\/wp-content\/uploads\/2023\/12\/esse-1000-x-and-companion-scaled.jpg 1920w\" sizes=\"auto, (max-width: 1024px) 100vw, 1024px\" \/>                            <\/div>\n                        \n                                                    <div class=\"wpb-card__body\">\n                                <h3>Cuisini\u00e8res \u00e9lectriques<\/h3>\n<p>Le choix pour tous ceux qui recherchent l&rsquo;une de nos cuisini\u00e8res modernes, avec l&rsquo;aspect et la convivialit\u00e9 familiers d&rsquo;ESSE.<\/p>\n                            <\/div>\n                        \n                                                    <div class=\"wpb-card__footer\">\n                                <a class=\"btn btn--primary\"  href=\"https:\/\/essecookers.nl\/fr\/electrique\">\n                                    Voir les cuisini\u00e8res \u00e9lectriques                                <\/a>\n                            <\/div>\n                                            <\/div>\n\n                \n                    <div class=\"wpb-card wpb-card--blurb\">\n                                                    <div class=\"wpb-card__header\">\n                                <img loading=\"lazy\" decoding=\"async\" width=\"683\" height=\"1024\" src=\"https:\/\/essecookers.nl\/wp-content\/uploads\/2023\/12\/Ironheart-at-River-Cottage-1-683x1024.jpg?wsr\" class=\"attachment-large size-large\" alt=\"\" srcset=\"https:\/\/essecookers.nl\/wp-content\/uploads\/2023\/12\/Ironheart-at-River-Cottage-1-683x1024.jpg 683w, https:\/\/essecookers.nl\/wp-content\/uploads\/2023\/12\/Ironheart-at-River-Cottage-1-200x300.jpg 200w, https:\/\/essecookers.nl\/wp-content\/uploads\/2023\/12\/Ironheart-at-River-Cottage-1-768x1152.jpg 768w, https:\/\/essecookers.nl\/wp-content\/uploads\/2023\/12\/Ironheart-at-River-Cottage-1.jpg 1024w\" sizes=\"auto, (max-width: 683px) 100vw, 683px\" \/>                            <\/div>\n                        \n                                                    <div class=\"wpb-card__body\">\n                                <h3>Cuisini\u00e8res \u00e0 bois<\/h3>\n<p>Les cuisini\u00e8res \u00e0 bois ESSE apportent chaleur et convivialit\u00e9 dans votre maison.<\/p>\n                            <\/div>\n                        \n                                                    <div class=\"wpb-card__footer\">\n                                <a class=\"btn btn--primary\"  href=\"https:\/\/essecookers.nl\/fr\/cuiseur-a-bois\">\n                                    Voir les cuisini\u00e8res \u00e0 bois                                <\/a>\n                            <\/div>\n                                            <\/div>\n\n                \n                    <div class=\"wpb-card wpb-card--blurb\">\n                                                    <div class=\"wpb-card__header\">\n                                <img loading=\"lazy\" decoding=\"async\" width=\"1024\" height=\"761\" src=\"https:\/\/essecookers.nl\/wp-content\/uploads\/2023\/12\/175-b-roomset-1-e1705394939158-1024x761.jpg?wsr\" class=\"attachment-large size-large\" alt=\"\" srcset=\"https:\/\/essecookers.nl\/wp-content\/uploads\/2023\/12\/175-b-roomset-1-e1705394939158-1024x761.jpg 1024w, https:\/\/essecookers.nl\/wp-content\/uploads\/2023\/12\/175-b-roomset-1-e1705394939158-300x223.jpg 300w, https:\/\/essecookers.nl\/wp-content\/uploads\/2023\/12\/175-b-roomset-1-e1705394939158-768x571.jpg 768w, https:\/\/essecookers.nl\/wp-content\/uploads\/2023\/12\/175-b-roomset-1-e1705394939158.jpg 1418w\" sizes=\"auto, (max-width: 1024px) 100vw, 1024px\" \/>                            <\/div>\n                        \n                                                    <div class=\"wpb-card__body\">\n                                <h3>Po\u00eales \u00e0 bois<\/h3>\n<p>Profitez d&rsquo;une chaleur propre gr\u00e2ce \u00e0 la technologie avanc\u00e9e de chaque po\u00eale \u00e0 bois ESSE.<\/p>\n                            <\/div>\n                        \n                                                    <div class=\"wpb-card__footer\">\n                                <a class=\"btn btn--primary\"  href=\"https:\/\/essecookers.nl\/fr\/poeles\">\n                                    Voir les po\u00eales \u00e0 bois                                <\/a>\n                            <\/div>\n                                            <\/div>\n\n                            <\/div>\n        \n    <\/div>\n\n    \n<\/section>\n\n\n<section class=\"wpb-block wpb-block--text-media wpb-wst--large wpb-wsb--large wpb-bg-clr--transparent\">\n\n    <div class=\"container  container--standard align-center\">\n\n                    <div class=\"wpb-text\">\n                                <h2>Votre cuisine compl\u00e8te, en un seul endroit<\/h2>\n<p>Un fourneau ESSE m\u00e9rite une cuisine qui lui correspond parfaitement. Avec notre voisin Ronco \u2014 sp\u00e9cialiste \u00e9lectrom\u00e9nager depuis 20 ans dans le Pays de Cuijk \u2014 vous pouvez compl\u00e9ter enti\u00e8rement votre cuisine. D&rsquo;un lave-vaisselle Miele \u00e0 un r\u00e9frig\u00e9rateur encastrable ou une machine \u00e0 caf\u00e9 : chez Ronco, vous \u00eates entre de bonnes mains. Tous deux \u00e9tablis au Weldaad 15 \u00e0 Cuijk, une double visite est vite organis\u00e9e.<\/p>\n\n                                    <div class=\"btn-group\">\n                            <a href=\"https:\/\/ronco.nl\/\" class=\"btn btn--primary btn--normal\" >\n        D\u00e9couvrez l&rsquo;offre de Ronco \u2192    <\/a>\n                    <\/div>\n                \n            <\/div>\n        \n                    <figure class=\"wpb-image wpb-align-left\">\n                <img loading=\"lazy\" decoding=\"async\" width=\"2560\" height=\"1703\" src=\"https:\/\/essecookers.nl\/wp-content\/uploads\/2026\/04\/PKO_4170-scaled.jpg?wsr\" class=\"attachment-full size-full\" alt=\"\" srcset=\"https:\/\/essecookers.nl\/wp-content\/uploads\/2026\/04\/PKO_4170-scaled.jpg 2560w, https:\/\/essecookers.nl\/wp-content\/uploads\/2026\/04\/PKO_4170-300x200.jpg 300w, https:\/\/essecookers.nl\/wp-content\/uploads\/2026\/04\/PKO_4170-1024x681.jpg 1024w, https:\/\/essecookers.nl\/wp-content\/uploads\/2026\/04\/PKO_4170-768x511.jpg 768w, https:\/\/essecookers.nl\/wp-content\/uploads\/2026\/04\/PKO_4170-1536x1022.jpg 1536w, https:\/\/essecookers.nl\/wp-content\/uploads\/2026\/04\/PKO_4170-2048x1363.jpg 2048w\" sizes=\"auto, (max-width: 2560px) 100vw, 2560px\" \/>                            <\/figure>\n        \n    <\/div>\n\n    \n<\/section>","protected":false},"excerpt":{"rendered":"","protected":false},"author":1,"featured_media":0,"parent":0,"menu_order":0,"comment_status":"closed","ping_status":"closed","template":"","meta":{"_acf_changed":false,"content-type":"","footnotes":""},"class_list":["post-2580","page","type-page","status-publish","hentry"],"acf":[],"yoast_head":"<!-- This site is optimized with the Yoast SEO plugin v27.5 - https:\/\/yoast.com\/product\/yoast-seo-wordpress\/ -->\n<title>A propos de nous - ESSE Benelux<\/title>\n<meta name=\"robots\" content=\"index, follow, max-snippet:-1, max-image-preview:large, max-video-preview:-1\" \/>\n<link rel=\"canonical\" href=\"https:\/\/essecookers.nl\/fr\/wp-json\/wp\/v2\/pages\/2580\" \/>\n<meta property=\"og:locale\" content=\"fr_FR\" \/>\n<meta property=\"og:type\" content=\"article\" \/>\n<meta property=\"og:title\" content=\"A propos de nous - ESSE Benelux\" \/>\n<meta property=\"og:url\" content=\"https:\/\/essecookers.nl\/fr\/wp-json\/wp\/v2\/pages\/2580\" \/>\n<meta property=\"og:site_name\" content=\"ESSE Benelux\" \/>\n<meta property=\"article:publisher\" content=\"https:\/\/www.facebook.com\/essecooker.nl\" \/>\n<meta property=\"article:modified_time\" content=\"2026-04-26T18:46:16+00:00\" \/>\n<meta name=\"twitter:card\" content=\"summary_large_image\" \/>\n<script type=\"application\/ld+json\" class=\"yoast-schema-graph\">{\"@context\":\"https:\\\/\\\/schema.org\",\"@graph\":[{\"@type\":\"WebPage\",\"@id\":\"https:\\\/\\\/essecookers.nl\\\/fr\\\/wp-json\\\/wp\\\/v2\\\/pages\\\/2580\",\"url\":\"https:\\\/\\\/essecookers.nl\\\/fr\\\/wp-json\\\/wp\\\/v2\\\/pages\\\/2580\",\"name\":\"Signets\",\"isPartOf\":{\"@id\":\"https:\\\/\\\/essecookers.nl\\\/fr#website\"},\"datePublished\":\"2023-11-13T08:17:07+00:00\",\"dateModified\":\"2026-04-26T18:46:16+00:00\",\"description\":null,\"breadcrumb\":{\"@id\":\"https:\\\/\\\/essecookers.nl\\\/fr\\\/wp-json\\\/wp\\\/v2\\\/pages\\\/2580#breadcrumb\"},\"inLanguage\":\"fr-FR\",\"potentialAction\":[{\"@type\":\"ReadAction\",\"target\":[\"https:\\\/\\\/essecookers.nl\\\/fr\\\/a-propos-de-nous\"]}]},{\"@type\":\"BreadcrumbList\",\"@id\":\"https:\\\/\\\/essecookers.nl\\\/fr\\\/wp-json\\\/wp\\\/v2\\\/pages\\\/2580#breadcrumb\",\"itemListElement\":[{\"@type\":\"ListItem\",\"position\":1,\"name\":\"Home\",\"item\":\"https:\\\/\\\/essecookers.nl\\\/fr\"},{\"@type\":\"ListItem\",\"position\":2,\"name\":\"\"}]},{\"@type\":\"WebSite\",\"@id\":\"https:\\\/\\\/essecookers.nl\\\/fr#website\",\"url\":\"https:\\\/\\\/essecookers.nl\\\/fr\",\"name\":\"ESSE Nederland\",\"description\":\"\",\"potentialAction\":[{\"@type\":\"SearchAction\",\"target\":{\"@type\":\"EntryPoint\",\"urlTemplate\":\"https:\\\/\\\/essecookers.nl\\\/fr?s={search_term_string}\"},\"query-input\":{\"@type\":\"PropertyValueSpecification\",\"valueRequired\":true,\"valueName\":\"search_term_string\"}}],\"inLanguage\":\"fr-FR\"}]}<\/script>\n<!-- \/ Yoast SEO plugin. -->","yoast_head_json":{"title":"A propos de nous - ESSE Benelux","robots":{"index":"index","follow":"follow","max-snippet":"max-snippet:-1","max-image-preview":"max-image-preview:large","max-video-preview":"max-video-preview:-1"},"canonical":"https:\/\/essecookers.nl\/fr\/wp-json\/wp\/v2\/pages\/2580","og_locale":"fr_FR","og_type":"article","og_title":"A propos de nous - ESSE Benelux","og_url":"https:\/\/essecookers.nl\/fr\/wp-json\/wp\/v2\/pages\/2580","og_site_name":"ESSE Benelux","article_publisher":"https:\/\/www.facebook.com\/essecooker.nl","article_modified_time":"2026-04-26T18:46:16+00:00","twitter_card":"summary_large_image","schema":{"@context":"https:\/\/schema.org","@graph":[{"@type":"WebPage","@id":"https:\/\/essecookers.nl\/fr\/wp-json\/wp\/v2\/pages\/2580","url":"https:\/\/essecookers.nl\/fr\/wp-json\/wp\/v2\/pages\/2580","name":"Signets","isPartOf":{"@id":"https:\/\/essecookers.nl\/fr#website"},"datePublished":"2023-11-13T08:17:07+00:00","dateModified":"2026-04-26T18:46:16+00:00","description":null,"breadcrumb":{"@id":"https:\/\/essecookers.nl\/fr\/wp-json\/wp\/v2\/pages\/2580#breadcrumb"},"inLanguage":"fr-FR","potentialAction":[{"@type":"ReadAction","target":["https:\/\/essecookers.nl\/fr\/a-propos-de-nous"]}]},{"@type":"BreadcrumbList","@id":"https:\/\/essecookers.nl\/fr\/wp-json\/wp\/v2\/pages\/2580#breadcrumb","itemListElement":[{"@type":"ListItem","position":1,"name":"Home","item":"https:\/\/essecookers.nl\/fr"},{"@type":"ListItem","position":2,"name":""}]},{"@type":"WebSite","@id":"https:\/\/essecookers.nl\/fr#website","url":"https:\/\/essecookers.nl\/fr","name":"ESSE Nederland","description":"","potentialAction":[{"@type":"SearchAction","target":{"@type":"EntryPoint","urlTemplate":"https:\/\/essecookers.nl\/fr?s={search_term_string}"},"query-input":{"@type":"PropertyValueSpecification","valueRequired":true,"valueName":"search_term_string"}}],"inLanguage":"fr-FR"}]}},"jetpack_sharing_enabled":true,"_links":{"self":[{"href":"https:\/\/essecookers.nl\/fr\/wp-json\/wp\/v2\/pages\/2580","targetHints":{"allow":["GET"]}}],"collection":[{"href":"https:\/\/essecookers.nl\/fr\/wp-json\/wp\/v2\/pages"}],"about":[{"href":"https:\/\/essecookers.nl\/fr\/wp-json\/wp\/v2\/types\/page"}],"author":[{"embeddable":true,"href":"https:\/\/essecookers.nl\/fr\/wp-json\/wp\/v2\/users\/1"}],"replies":[{"embeddable":true,"href":"https:\/\/essecookers.nl\/fr\/wp-json\/wp\/v2\/comments?post=2580"}],"version-history":[{"count":5,"href":"https:\/\/essecookers.nl\/fr\/wp-json\/wp\/v2\/pages\/2580\/revisions"}],"predecessor-version":[{"id":5316,"href":"https:\/\/essecookers.nl\/fr\/wp-json\/wp\/v2\/pages\/2580\/revisions\/5316"}],"wp:attachment":[{"href":"https:\/\/essecookers.nl\/fr\/wp-json\/wp\/v2\/media?parent=2580"}],"curies":[{"name":"wp","href":"https:\/\/api.w.org\/{rel}","templated":true}]}}