{"id":2213,"date":"2023-11-14T10:36:37","date_gmt":"2023-11-14T08:36:37","guid":{"rendered":"https:\/\/essecookers.nl\/service"},"modified":"2024-03-04T12:27:32","modified_gmt":"2024-03-04T10:27:32","slug":"service","status":"publish","type":"page","link":"https:\/\/essecookers.nl\/fr\/service","title":{"rendered":"Service"},"content":{"rendered":"\n    <section class=\"wpb-breadcrumb\">\n        <div class=\"container\">\n            <nav class=\"wpb-breadcrumbs\" id=\"wpb-breadcrumbs\" role=\"navigation\"><span><span><a href=\"https:\/\/essecookers.nl\/fr\">Home<\/a><\/span><\/span><\/nav>        <\/div>\n    <\/section>\n \n\n<section class=\"wpb-header wpb-header--subpage wpb-bg-clr--light-200\">\n\n    <div class=\"container \">\n\n                    <div class=\"wpb-text wpb-text--primary \">\n                <p>Nos services<\/p>\n<h1>Service<\/h1>\n\n                \n            <\/div>\n                \n    <\/div>\n\n            <figure>\n            <img loading=\"lazy\" decoding=\"async\" width=\"1920\" height=\"700\" src=\"https:\/\/essecookers.nl\/wp-content\/uploads\/2023\/11\/cta-sfeerbeeld.jpg?wsr\" class=\"attachment-full size-full\" alt=\"\" srcset=\"https:\/\/essecookers.nl\/wp-content\/uploads\/2023\/11\/cta-sfeerbeeld.jpg 1920w, https:\/\/essecookers.nl\/wp-content\/uploads\/2023\/11\/cta-sfeerbeeld-300x109.jpg 300w, https:\/\/essecookers.nl\/wp-content\/uploads\/2023\/11\/cta-sfeerbeeld-1024x373.jpg 1024w, https:\/\/essecookers.nl\/wp-content\/uploads\/2023\/11\/cta-sfeerbeeld-768x280.jpg 768w, https:\/\/essecookers.nl\/wp-content\/uploads\/2023\/11\/cta-sfeerbeeld-1536x560.jpg 1536w\" sizes=\"auto, (max-width: 1920px) 100vw, 1920px\" \/>        <\/figure>\n    \n    <div class=\"wpb-circle-lines\">\n        <div><\/div>\n        <div><\/div>\n        <div><\/div>\n        <div><\/div>\n        <div><\/div>\n        <div><\/div>\n    <\/div>\n\n<\/section>\n\n    <section class=\"wpb-header-cta\">\n        <div class=\"container\">\n            <div class=\"wpb-card wpb-card--light-200 wpb-card--mini-cta\">\n                                    <div class=\"wpb-card__header\">\n                        <img loading=\"lazy\" decoding=\"async\" width=\"242\" height=\"300\" src=\"https:\/\/essecookers.nl\/wp-content\/uploads\/2023\/12\/foto-242x300.png?wsr\" class=\"attachment-medium size-medium\" alt=\"\" srcset=\"https:\/\/essecookers.nl\/wp-content\/uploads\/2023\/12\/foto-242x300.png 242w, https:\/\/essecookers.nl\/wp-content\/uploads\/2023\/12\/foto.png 496w\" sizes=\"auto, (max-width: 242px) 100vw, 242px\" \/>                    <\/div>\n                                <div class=\"wpb-card__body\">\n                    <h3 class=\"wpb-card__title\">\n                        Plus d&rsquo;informations ?                    <\/h3>\n                    <p>\n                        Nous sommes heureux de vous aider !                    <\/p>\n                                        <div class=\"btn-group\">\n                        <a href=\"tel:+31 6 29 23 89 18\" class=\"btn btn--small btn--outline\">\n                            <i class=\"wpb-icon wpb-icon--headset\"><\/i>\n                            +31 6 29 23 89 18                        <\/a>\n                    <\/div>\n                <\/div>\n            <\/div>\n        <\/div>\n    <\/section>\n\n\n\n<section class=\"wpb-block wpb-block--text-media wpb-wst--large wpb-wsb--large wpb-bg-clr--transparent\">\n\n    <div class=\"container  container--standard align-center\">\n\n                    <div class=\"wpb-text\">\n                                    <span class=\"wpb-text__label\">\n                        Sur place dans vos locaux                    <\/span>    \n                                <h2>Service \u00e0 domicile par les sp\u00e9cialistes ESSE<\/h2>\n<p>Nous nous rendrons chez vous en cas de probl\u00e8me avec votre cuisini\u00e8re ESSE. Il peut s&rsquo;agir d&rsquo;un d\u00e9faut mineur ou d&rsquo;un simple entretien. En entretenant \u00e0 temps et r\u00e9guli\u00e8rement votre po\u00eale ou po\u00eale ESSE, vous prolongez la dur\u00e9e de vie de l&rsquo;appareil.<\/p>\n<p>De plus, un ESSE propre est particuli\u00e8rement s\u00fbr pour votre sant\u00e9, conserve sa rentabilit\u00e9 bien connue et l&rsquo;appareil continue de fonctionner de mani\u00e8re optimale.<\/p>\n<p>Vous souhaitez que nous vous rendions visite pour une r\u00e9paration ou un entretien ?<\/p>\n\n                                    <div class=\"btn-group\">\n                            <a href=\"https:\/\/essecookers.nl\/fr\/contact\" class=\"btn btn--primary btn--normal\" >\n        Prendre rendez-vous    <\/a>\n                    <\/div>\n                \n            <\/div>\n        \n                    <figure class=\"wpb-image wpb-align-left\">\n                <img loading=\"lazy\" decoding=\"async\" width=\"1920\" height=\"1282\" src=\"https:\/\/essecookers.nl\/wp-content\/uploads\/2023\/12\/PKO6262-1-scaled.jpg?wsr\" class=\"attachment-full size-full\" alt=\"\" srcset=\"https:\/\/essecookers.nl\/wp-content\/uploads\/2023\/12\/PKO6262-1-scaled.jpg 1920w, https:\/\/essecookers.nl\/wp-content\/uploads\/2023\/12\/PKO6262-1-300x200.jpg 300w, https:\/\/essecookers.nl\/wp-content\/uploads\/2023\/12\/PKO6262-1-1024x684.jpg 1024w, https:\/\/essecookers.nl\/wp-content\/uploads\/2023\/12\/PKO6262-1-768x513.jpg 768w, https:\/\/essecookers.nl\/wp-content\/uploads\/2023\/12\/PKO6262-1-1536x1025.jpg 1536w, https:\/\/essecookers.nl\/wp-content\/uploads\/2023\/12\/PKO6262-1-2048x1367.jpg 2048w\" sizes=\"auto, (max-width: 1920px) 100vw, 1920px\" \/>                            <\/figure>\n        \n    <\/div>\n\n    \n<\/section>\n\n\n<section class=\"wpb-block wpb-block--blurb wpb-wst--large wpb-wsb--medium wpb-bg-clr--light-200\">\n\n    <div class=\"container  container--standard\">\n\n                    <div class=\"wpb-text\">\n                <h2 style=\"text-align: center\">Un service qui correspond \u00e0 un ESSE<\/h2>\n\n                \n            <\/div>\n        \n                    <div class=\" d-grid g-20 cols-1 cols-md-3\">\n                \n                    <div class=\"wpb-card wpb-card--blurb\">\n                                                    <div class=\"wpb-card__header\">\n                                <img loading=\"lazy\" decoding=\"async\" width=\"732\" height=\"517\" src=\"https:\/\/essecookers.nl\/wp-content\/uploads\/2023\/12\/reparatie.png?wsr\" class=\"attachment-large size-large\" alt=\"\" srcset=\"https:\/\/essecookers.nl\/wp-content\/uploads\/2023\/12\/reparatie.png 732w, https:\/\/essecookers.nl\/wp-content\/uploads\/2023\/12\/reparatie-300x212.png 300w\" sizes=\"auto, (max-width: 732px) 100vw, 732px\" \/>                            <\/div>\n                        \n                                                    <div class=\"wpb-card__body\">\n                                <h3>R\u00e9paration<\/h3>\n<p>Nous intervenons pour tout type de r\u00e9paration. Vous souhaitez r\u00e9parer vous-m\u00eame les dysfonctionnements et vous avez besoin d&rsquo;informations ou de connaissances ? Si c&rsquo;est le cas, n&rsquo;h\u00e9sitez pas \u00e0 nous en faire part ; nous serons heureux de vous aider. Les dispositifs ESSE sont d&rsquo;une construction simple mais m\u00e9caniquement solide. Vous pouvez g\u00e9n\u00e9ralement ajuster les portes et les couvercles vous-m\u00eame.<\/p>\n                            <\/div>\n                        \n                                            <\/div>\n\n                \n                    <div class=\"wpb-card wpb-card--blurb\">\n                                                    <div class=\"wpb-card__header\">\n                                <img loading=\"lazy\" decoding=\"async\" width=\"761\" height=\"455\" src=\"https:\/\/essecookers.nl\/wp-content\/uploads\/2023\/12\/onderhour.png?wsr\" class=\"attachment-large size-large\" alt=\"\" srcset=\"https:\/\/essecookers.nl\/wp-content\/uploads\/2023\/12\/onderhour.png 761w, https:\/\/essecookers.nl\/wp-content\/uploads\/2023\/12\/onderhour-300x179.png 300w\" sizes=\"auto, (max-width: 761px) 100vw, 761px\" \/>                            <\/div>\n                        \n                                                    <div class=\"wpb-card__body\">\n                                <h3>Maintenance<\/h3>\n<p>Nous nous chargeons de l&rsquo;entretien de votre ESSE au gaz. Cet appareil doit \u00eatre enti\u00e8rement nettoy\u00e9 tous les deux ans pour qu&rsquo;il continue \u00e0 fonctionner de mani\u00e8re s\u00fbre et \u00e9conomique. L&rsquo;entretien d&rsquo;un mod\u00e8le \u00e9lectrique est pratiquement inutile. Si vous avez besoin de pi\u00e8ces d\u00e9tach\u00e9es, veuillez nous contacter. Pour cela, nous avons besoin du mod\u00e8le et du num\u00e9ro de s\u00e9rie.<\/p>\n                            <\/div>\n                        \n                                            <\/div>\n\n                \n                    <div class=\"wpb-card wpb-card--blurb\">\n                                                    <div class=\"wpb-card__header\">\n                                <img loading=\"lazy\" decoding=\"async\" width=\"846\" height=\"469\" src=\"https:\/\/essecookers.nl\/wp-content\/uploads\/2023\/12\/ombouwen.png?wsr\" class=\"attachment-large size-large\" alt=\"\" srcset=\"https:\/\/essecookers.nl\/wp-content\/uploads\/2023\/12\/ombouwen.png 846w, https:\/\/essecookers.nl\/wp-content\/uploads\/2023\/12\/ombouwen-300x166.png 300w, https:\/\/essecookers.nl\/wp-content\/uploads\/2023\/12\/ombouwen-768x426.png 768w\" sizes=\"auto, (max-width: 846px) 100vw, 846px\" \/>                            <\/div>\n                        \n                                                    <div class=\"wpb-card__body\">\n                                <h3>Conversion au gaz<\/h3>\n<p>D\u00e9sormais, nous offrons la possibilit\u00e9 de convertir votre cuisini\u00e8re \u00e0 gaz ESSE en cuisini\u00e8re \u00e9lectrique EL13 amp. La cuisini\u00e8re sera \u00e9quip\u00e9e de deux fours \u00e9lectriques, le four sup\u00e9rieur \u00e9tant dot\u00e9 d&rsquo;une fonction de gril suppl\u00e9mentaire. La plaque de droite sera une plaque en fonte et celle de gauche une plaque \u00e0 induction. Tous les composants peuvent \u00eatre contr\u00f4l\u00e9s ind\u00e9pendamment. Le panneau de commande, compos\u00e9 de 5 boutons, est plac\u00e9 derri\u00e8re la porte gauche.<\/p>\n                            <\/div>\n                        \n                                            <\/div>\n\n                            <\/div>\n        \n    <\/div>\n\n    \n<\/section>\n\n\n<section class=\"wpb-block wpb-block--text-media wpb-wst--large wpb-wsb--large wpb-bg-clr--transparent\">\n\n    <div class=\"container  container--standard align-center\">\n\n                    <div class=\"wpb-text\">\n                                <h2>La qualit\u00e9 de l&rsquo;ESSE<\/h2>\n<p>Les appareils ESSE sont connus pour leur qualit\u00e9 robuste et robuste. Un po\u00eale ou un po\u00eale de cette marque britannique dure souvent des d\u00e9cennies, s&rsquo;il est correctement entretenu.<\/p>\n<p>Les diff\u00e9rents mod\u00e8les sont accompagn\u00e9s d&rsquo;un manuel et d&rsquo;une brochure, afin que vous sachiez exactement comment les entretenir vous-m\u00eame au mieux. Cela peut varier selon que l&rsquo;appareil fonctionne \u00e0 l&rsquo;\u00e9lectricit\u00e9 ou au bois.<\/p>\n\n                                    <div class=\"btn-group\">\n                            <a href=\"\/fr\/modeles\" class=\"btn btn--primary btn--normal\" >\n        Voir tous les mod\u00e8les    <\/a>\n                    <\/div>\n                \n            <\/div>\n        \n                    <figure class=\"wpb-image wpb-align-right\">\n                <img loading=\"lazy\" decoding=\"async\" width=\"569\" height=\"368\" src=\"https:\/\/essecookers.nl\/wp-content\/uploads\/2023\/11\/ESSE-1000-T-pepper-cooker-kitchen-569x427-1-e1709716401703.jpg?wsr\" class=\"attachment-full size-full\" alt=\"\" srcset=\"https:\/\/essecookers.nl\/wp-content\/uploads\/2023\/11\/ESSE-1000-T-pepper-cooker-kitchen-569x427-1-e1709716401703.jpg 569w, https:\/\/essecookers.nl\/wp-content\/uploads\/2023\/11\/ESSE-1000-T-pepper-cooker-kitchen-569x427-1-e1709716401703-300x194.jpg 300w\" sizes=\"auto, (max-width: 569px) 100vw, 569px\" \/>                            <\/figure>\n        \n    <\/div>\n\n    \n<\/section>","protected":false},"excerpt":{"rendered":"","protected":false},"author":1,"featured_media":0,"parent":0,"menu_order":0,"comment_status":"closed","ping_status":"closed","template":"","meta":{"_acf_changed":false,"content-type":"","footnotes":""},"class_list":["post-2213","page","type-page","status-publish","hentry"],"acf":[],"yoast_head":"<!-- This site is optimized with the Yoast SEO plugin v27.5 - https:\/\/yoast.com\/product\/yoast-seo-wordpress\/ -->\n<title>Service - ESSE Benelux<\/title>\n<meta name=\"robots\" content=\"index, follow, max-snippet:-1, max-image-preview:large, max-video-preview:-1\" \/>\n<link rel=\"canonical\" href=\"https:\/\/essecookers.nl\/fr\/wp-json\/wp\/v2\/pages\/2213\" \/>\n<meta property=\"og:locale\" content=\"fr_FR\" \/>\n<meta property=\"og:type\" content=\"article\" \/>\n<meta property=\"og:title\" content=\"Service - ESSE Benelux\" \/>\n<meta property=\"og:url\" content=\"https:\/\/essecookers.nl\/fr\/wp-json\/wp\/v2\/pages\/2213\" \/>\n<meta property=\"og:site_name\" content=\"ESSE Benelux\" \/>\n<meta property=\"article:publisher\" content=\"https:\/\/www.facebook.com\/essecooker.nl\" \/>\n<meta property=\"article:modified_time\" content=\"2024-03-04T10:27:32+00:00\" \/>\n<meta name=\"twitter:card\" content=\"summary_large_image\" \/>\n<script type=\"application\/ld+json\" class=\"yoast-schema-graph\">{\"@context\":\"https:\\\/\\\/schema.org\",\"@graph\":[{\"@type\":\"WebPage\",\"@id\":\"https:\\\/\\\/essecookers.nl\\\/fr\\\/wp-json\\\/wp\\\/v2\\\/pages\\\/2213\",\"url\":\"https:\\\/\\\/essecookers.nl\\\/fr\\\/wp-json\\\/wp\\\/v2\\\/pages\\\/2213\",\"name\":\"Signets\",\"isPartOf\":{\"@id\":\"https:\\\/\\\/essecookers.nl\\\/fr#website\"},\"datePublished\":\"2023-11-14T08:36:37+00:00\",\"dateModified\":\"2024-03-04T10:27:32+00:00\",\"description\":null,\"breadcrumb\":{\"@id\":\"https:\\\/\\\/essecookers.nl\\\/fr\\\/wp-json\\\/wp\\\/v2\\\/pages\\\/2213#breadcrumb\"},\"inLanguage\":\"fr-FR\",\"potentialAction\":[{\"@type\":\"ReadAction\",\"target\":[\"https:\\\/\\\/essecookers.nl\\\/fr\\\/service\"]}]},{\"@type\":\"BreadcrumbList\",\"@id\":\"https:\\\/\\\/essecookers.nl\\\/fr\\\/wp-json\\\/wp\\\/v2\\\/pages\\\/2213#breadcrumb\",\"itemListElement\":[{\"@type\":\"ListItem\",\"position\":1,\"name\":\"Home\",\"item\":\"https:\\\/\\\/essecookers.nl\\\/fr\"},{\"@type\":\"ListItem\",\"position\":2,\"name\":\"\"}]},{\"@type\":\"WebSite\",\"@id\":\"https:\\\/\\\/essecookers.nl\\\/fr#website\",\"url\":\"https:\\\/\\\/essecookers.nl\\\/fr\",\"name\":\"ESSE Nederland\",\"description\":\"\",\"potentialAction\":[{\"@type\":\"SearchAction\",\"target\":{\"@type\":\"EntryPoint\",\"urlTemplate\":\"https:\\\/\\\/essecookers.nl\\\/fr?s={search_term_string}\"},\"query-input\":{\"@type\":\"PropertyValueSpecification\",\"valueRequired\":true,\"valueName\":\"search_term_string\"}}],\"inLanguage\":\"fr-FR\"}]}<\/script>\n<!-- \/ Yoast SEO plugin. -->","yoast_head_json":{"title":"Service - ESSE Benelux","robots":{"index":"index","follow":"follow","max-snippet":"max-snippet:-1","max-image-preview":"max-image-preview:large","max-video-preview":"max-video-preview:-1"},"canonical":"https:\/\/essecookers.nl\/fr\/wp-json\/wp\/v2\/pages\/2213","og_locale":"fr_FR","og_type":"article","og_title":"Service - ESSE Benelux","og_url":"https:\/\/essecookers.nl\/fr\/wp-json\/wp\/v2\/pages\/2213","og_site_name":"ESSE Benelux","article_publisher":"https:\/\/www.facebook.com\/essecooker.nl","article_modified_time":"2024-03-04T10:27:32+00:00","twitter_card":"summary_large_image","schema":{"@context":"https:\/\/schema.org","@graph":[{"@type":"WebPage","@id":"https:\/\/essecookers.nl\/fr\/wp-json\/wp\/v2\/pages\/2213","url":"https:\/\/essecookers.nl\/fr\/wp-json\/wp\/v2\/pages\/2213","name":"Signets","isPartOf":{"@id":"https:\/\/essecookers.nl\/fr#website"},"datePublished":"2023-11-14T08:36:37+00:00","dateModified":"2024-03-04T10:27:32+00:00","description":null,"breadcrumb":{"@id":"https:\/\/essecookers.nl\/fr\/wp-json\/wp\/v2\/pages\/2213#breadcrumb"},"inLanguage":"fr-FR","potentialAction":[{"@type":"ReadAction","target":["https:\/\/essecookers.nl\/fr\/service"]}]},{"@type":"BreadcrumbList","@id":"https:\/\/essecookers.nl\/fr\/wp-json\/wp\/v2\/pages\/2213#breadcrumb","itemListElement":[{"@type":"ListItem","position":1,"name":"Home","item":"https:\/\/essecookers.nl\/fr"},{"@type":"ListItem","position":2,"name":""}]},{"@type":"WebSite","@id":"https:\/\/essecookers.nl\/fr#website","url":"https:\/\/essecookers.nl\/fr","name":"ESSE Nederland","description":"","potentialAction":[{"@type":"SearchAction","target":{"@type":"EntryPoint","urlTemplate":"https:\/\/essecookers.nl\/fr?s={search_term_string}"},"query-input":{"@type":"PropertyValueSpecification","valueRequired":true,"valueName":"search_term_string"}}],"inLanguage":"fr-FR"}]}},"jetpack_sharing_enabled":true,"_links":{"self":[{"href":"https:\/\/essecookers.nl\/fr\/wp-json\/wp\/v2\/pages\/2213","targetHints":{"allow":["GET"]}}],"collection":[{"href":"https:\/\/essecookers.nl\/fr\/wp-json\/wp\/v2\/pages"}],"about":[{"href":"https:\/\/essecookers.nl\/fr\/wp-json\/wp\/v2\/types\/page"}],"author":[{"embeddable":true,"href":"https:\/\/essecookers.nl\/fr\/wp-json\/wp\/v2\/users\/1"}],"replies":[{"embeddable":true,"href":"https:\/\/essecookers.nl\/fr\/wp-json\/wp\/v2\/comments?post=2213"}],"version-history":[{"count":16,"href":"https:\/\/essecookers.nl\/fr\/wp-json\/wp\/v2\/pages\/2213\/revisions"}],"predecessor-version":[{"id":2267,"href":"https:\/\/essecookers.nl\/fr\/wp-json\/wp\/v2\/pages\/2213\/revisions\/2267"}],"wp:attachment":[{"href":"https:\/\/essecookers.nl\/fr\/wp-json\/wp\/v2\/media?parent=2213"}],"curies":[{"name":"wp","href":"https:\/\/api.w.org\/{rel}","templated":true}]}}